{"id":132,"date":"2021-04-06T14:11:09","date_gmt":"2021-04-06T12:11:09","guid":{"rendered":"http:\/\/nettverk.gmbh\/?page_id=132"},"modified":"2021-09-28T16:04:30","modified_gmt":"2021-09-28T14:04:30","slug":"individual","status":"publish","type":"page","link":"https:\/\/nettverk.gmbh\/?page_id=132","title":{"rendered":"Individual"},"content":{"rendered":"\n<p class=\"has-medium-font-size\"><strong>Sonderl\u00f6sungen nach Kundenwunsch: Beratung, Entwicklung &amp; Prototypenbau<\/strong><\/p>\n\n\n\n<div class=\"wp-block-image\"><figure class=\"alignleft is-resized\"><img loading=\"lazy\" decoding=\"async\" src=\"https:\/\/nettverk.gmbh\/wp-content\/uploads\/2021\/04\/49680-Huttary-plus_2-851x1024.jpg\" alt=\"Wappen\" class=\"wp-image-138\" width=\"214\" height=\"257\" srcset=\"https:\/\/nettverk.gmbh\/wp-content\/uploads\/2021\/04\/49680-Huttary-plus_2-851x1024.jpg 851w, https:\/\/nettverk.gmbh\/wp-content\/uploads\/2021\/04\/49680-Huttary-plus_2-249x300.jpg 249w, https:\/\/nettverk.gmbh\/wp-content\/uploads\/2021\/04\/49680-Huttary-plus_2-768x924.jpg 768w, https:\/\/nettverk.gmbh\/wp-content\/uploads\/2021\/04\/49680-Huttary-plus_2-1277x1536.jpg 1277w, https:\/\/nettverk.gmbh\/wp-content\/uploads\/2021\/04\/49680-Huttary-plus_2-400x480.jpg 400w, https:\/\/nettverk.gmbh\/wp-content\/uploads\/2021\/04\/49680-Huttary-plus_2.jpg 1560w\" sizes=\"auto, (max-width: 214px) 100vw, 214px\" \/><figcaption>Wappen Huttary<\/figcaption><\/figure><\/div>\n\n\n\n<p style=\"font-size:17px\">Sie wissen nicht so recht was Sie zur L\u00f6sung ben\u00f6tigen? Beschreiben Sie uns Ihren Wunsch,  Ihr Problem oder Ihre Vorstellungen!<\/p>\n\n\n\n<p style=\"font-size:17px\">Wir haben \u00fcber die Jahres ein breites Spektrum an Wissen, Werkzeug und Kontakten aufgebaut und stellen dies gerne in Ihre Dienste.<\/p>\n\n\n\n<p style=\"font-size:17px\">Aus dieser Erfahrung und L\u00f6sungen entsteht Tradition, darauf sind wir besonders stolz und so zeichnen wir diese Sonderl\u00f6sungen mit unserem Wappen aus.<\/p>\n\n\n\n<p><\/p>\n\n\n\n<h2 class=\"has-text-align-center has-medium-font-size wp-block-heading\">Fragen Sie uns jederzeit an, zu allen Themen rund um die Technik.<\/h2>\n\n\n\n<p style=\"font-size:17px\">In der eigenen Werkstatt\/Lab (der Art FabLab) k\u00f6nnen wir im kleineren Rahmen einiges umsetzen, wie zum Beispiel<\/p>\n\n\n\n<p><\/p>\n\n\n\n<ul class=\"wp-block-list\"><li>CNC Fr\u00e4sen\/ Drehen und additiver 3D Druck<\/li><li>Metallarbeiten, Drehen, Fr\u00e4sen, Schwei\u00dfen etc. pp.<\/li><li>Holz-Technik<\/li><li>Elektronik, \u00b5C, sowie Steuer &amp; Regelungstechnik<\/li><li>CAD \/ CAM Arbeiten<\/li><li>Hochfrequenztechnik, mit Messger\u00e4tepark vom Oszi bis zum Spektrumanalyser<\/li><li>schwereres Ger\u00e4t, wie Stapler etc. falls das Projekt doch mal schwerer ausf\u00e4llt<\/li><\/ul>\n\n\n\n<p><\/p>\n\n\n\n<p style=\"font-size:17px\">Unser Partnernetzwerk umfasst vom Messebau bis zur Labor-Ausstattung, von Hotel zur Eventplanung, von Schneider bis zum Schreiner,&#8230; wir helfen gerne weiter!<\/p>\n","protected":false},"excerpt":{"rendered":"<p>Sonderl\u00f6sungen nach Kundenwunsch: Beratung, Entwicklung &amp; Prototypenbau Sie wissen nicht so recht was Sie zur L\u00f6sung ben\u00f6tigen? Beschreiben Sie uns Ihren Wunsch, [&hellip;]<\/p>\n","protected":false},"author":1,"featured_media":0,"parent":0,"menu_order":0,"comment_status":"closed","ping_status":"closed","template":"","meta":{"footnotes":""},"class_list":["post-132","page","type-page","status-publish","hentry"],"yoast_head":"<!-- This site is optimized with the Yoast SEO plugin v27.4 - https:\/\/yoast.com\/product\/yoast-seo-wordpress\/ -->\n<title>Individual - Nettverk GmbH<\/title>\n<meta name=\"robots\" content=\"index, follow, max-snippet:-1, max-image-preview:large, max-video-preview:-1\" \/>\n<link rel=\"canonical\" href=\"https:\/\/nettverk.gmbh\/?page_id=132\" \/>\n<meta property=\"og:locale\" content=\"de_DE\" \/>\n<meta property=\"og:type\" content=\"article\" \/>\n<meta property=\"og:title\" content=\"Individual - Nettverk GmbH\" \/>\n<meta property=\"og:description\" content=\"Sonderl\u00f6sungen nach Kundenwunsch: Beratung, Entwicklung &amp; Prototypenbau Sie wissen nicht so recht was Sie zur L\u00f6sung ben\u00f6tigen? Beschreiben Sie uns Ihren Wunsch, [&hellip;]\" \/>\n<meta property=\"og:url\" content=\"https:\/\/nettverk.gmbh\/?page_id=132\" \/>\n<meta property=\"og:site_name\" content=\"Nettverk GmbH\" \/>\n<meta property=\"article:modified_time\" content=\"2021-09-28T14:04:30+00:00\" \/>\n<meta property=\"og:image\" content=\"http:\/\/nettverk.gmbh\/wp-content\/uploads\/2021\/04\/49680-Huttary-plus_2-851x1024.jpg\" \/>\n<meta name=\"twitter:card\" content=\"summary_large_image\" \/>\n<meta name=\"twitter:label1\" content=\"Gesch\u00e4tzte Lesezeit\" \/>\n\t<meta name=\"twitter:data1\" content=\"1\u00a0Minute\" \/>\n<script type=\"application\/ld+json\" class=\"yoast-schema-graph\">{\"@context\":\"https:\\\/\\\/schema.org\",\"@graph\":[{\"@type\":\"WebPage\",\"@id\":\"https:\\\/\\\/nettverk.gmbh\\\/?page_id=132\",\"url\":\"https:\\\/\\\/nettverk.gmbh\\\/?page_id=132\",\"name\":\"Individual - Nettverk GmbH\",\"isPartOf\":{\"@id\":\"https:\\\/\\\/nettverk.gmbh\\\/#website\"},\"primaryImageOfPage\":{\"@id\":\"https:\\\/\\\/nettverk.gmbh\\\/?page_id=132#primaryimage\"},\"image\":{\"@id\":\"https:\\\/\\\/nettverk.gmbh\\\/?page_id=132#primaryimage\"},\"thumbnailUrl\":\"http:\\\/\\\/nettverk.gmbh\\\/wp-content\\\/uploads\\\/2021\\\/04\\\/49680-Huttary-plus_2-851x1024.jpg\",\"datePublished\":\"2021-04-06T12:11:09+00:00\",\"dateModified\":\"2021-09-28T14:04:30+00:00\",\"breadcrumb\":{\"@id\":\"https:\\\/\\\/nettverk.gmbh\\\/?page_id=132#breadcrumb\"},\"inLanguage\":\"de\",\"potentialAction\":[{\"@type\":\"ReadAction\",\"target\":[\"https:\\\/\\\/nettverk.gmbh\\\/?page_id=132\"]}]},{\"@type\":\"ImageObject\",\"inLanguage\":\"de\",\"@id\":\"https:\\\/\\\/nettverk.gmbh\\\/?page_id=132#primaryimage\",\"url\":\"http:\\\/\\\/nettverk.gmbh\\\/wp-content\\\/uploads\\\/2021\\\/04\\\/49680-Huttary-plus_2-851x1024.jpg\",\"contentUrl\":\"http:\\\/\\\/nettverk.gmbh\\\/wp-content\\\/uploads\\\/2021\\\/04\\\/49680-Huttary-plus_2-851x1024.jpg\"},{\"@type\":\"BreadcrumbList\",\"@id\":\"https:\\\/\\\/nettverk.gmbh\\\/?page_id=132#breadcrumb\",\"itemListElement\":[{\"@type\":\"ListItem\",\"position\":1,\"name\":\"Startseite\",\"item\":\"https:\\\/\\\/nettverk.gmbh\\\/\"},{\"@type\":\"ListItem\",\"position\":2,\"name\":\"Individual\"}]},{\"@type\":\"WebSite\",\"@id\":\"https:\\\/\\\/nettverk.gmbh\\\/#website\",\"url\":\"https:\\\/\\\/nettverk.gmbh\\\/\",\"name\":\"Nettverk GmbH\",\"description\":\"Ihr Netzwerk Dienstleister\",\"publisher\":{\"@id\":\"https:\\\/\\\/nettverk.gmbh\\\/#organization\"},\"potentialAction\":[{\"@type\":\"SearchAction\",\"target\":{\"@type\":\"EntryPoint\",\"urlTemplate\":\"https:\\\/\\\/nettverk.gmbh\\\/?s={search_term_string}\"},\"query-input\":{\"@type\":\"PropertyValueSpecification\",\"valueRequired\":true,\"valueName\":\"search_term_string\"}}],\"inLanguage\":\"de\"},{\"@type\":\"Organization\",\"@id\":\"https:\\\/\\\/nettverk.gmbh\\\/#organization\",\"name\":\"Nettverk GmbH\",\"url\":\"https:\\\/\\\/nettverk.gmbh\\\/\",\"logo\":{\"@type\":\"ImageObject\",\"inLanguage\":\"de\",\"@id\":\"https:\\\/\\\/nettverk.gmbh\\\/#\\\/schema\\\/logo\\\/image\\\/\",\"url\":\"https:\\\/\\\/nettverk.gmbh\\\/wp-content\\\/uploads\\\/2021\\\/04\\\/cropped-cropped-logo-fin1.jpg\",\"contentUrl\":\"https:\\\/\\\/nettverk.gmbh\\\/wp-content\\\/uploads\\\/2021\\\/04\\\/cropped-cropped-logo-fin1.jpg\",\"width\":1300,\"height\":284,\"caption\":\"Nettverk GmbH\"},\"image\":{\"@id\":\"https:\\\/\\\/nettverk.gmbh\\\/#\\\/schema\\\/logo\\\/image\\\/\"},\"sameAs\":[\"https:\\\/\\\/www.linkedin.com\\\/in\\\/daniel-huttary-a280a348\\\/\"]}]}<\/script>\n<!-- \/ Yoast SEO plugin. -->","yoast_head_json":{"title":"Individual - Nettverk GmbH","robots":{"index":"index","follow":"follow","max-snippet":"max-snippet:-1","max-image-preview":"max-image-preview:large","max-video-preview":"max-video-preview:-1"},"canonical":"https:\/\/nettverk.gmbh\/?page_id=132","og_locale":"de_DE","og_type":"article","og_title":"Individual - Nettverk GmbH","og_description":"Sonderl\u00f6sungen nach Kundenwunsch: Beratung, Entwicklung &amp; Prototypenbau Sie wissen nicht so recht was Sie zur L\u00f6sung ben\u00f6tigen? Beschreiben Sie uns Ihren Wunsch, [&hellip;]","og_url":"https:\/\/nettverk.gmbh\/?page_id=132","og_site_name":"Nettverk GmbH","article_modified_time":"2021-09-28T14:04:30+00:00","og_image":[{"url":"http:\/\/nettverk.gmbh\/wp-content\/uploads\/2021\/04\/49680-Huttary-plus_2-851x1024.jpg","type":"","width":"","height":""}],"twitter_card":"summary_large_image","twitter_misc":{"Gesch\u00e4tzte Lesezeit":"1\u00a0Minute"},"schema":{"@context":"https:\/\/schema.org","@graph":[{"@type":"WebPage","@id":"https:\/\/nettverk.gmbh\/?page_id=132","url":"https:\/\/nettverk.gmbh\/?page_id=132","name":"Individual - Nettverk GmbH","isPartOf":{"@id":"https:\/\/nettverk.gmbh\/#website"},"primaryImageOfPage":{"@id":"https:\/\/nettverk.gmbh\/?page_id=132#primaryimage"},"image":{"@id":"https:\/\/nettverk.gmbh\/?page_id=132#primaryimage"},"thumbnailUrl":"http:\/\/nettverk.gmbh\/wp-content\/uploads\/2021\/04\/49680-Huttary-plus_2-851x1024.jpg","datePublished":"2021-04-06T12:11:09+00:00","dateModified":"2021-09-28T14:04:30+00:00","breadcrumb":{"@id":"https:\/\/nettverk.gmbh\/?page_id=132#breadcrumb"},"inLanguage":"de","potentialAction":[{"@type":"ReadAction","target":["https:\/\/nettverk.gmbh\/?page_id=132"]}]},{"@type":"ImageObject","inLanguage":"de","@id":"https:\/\/nettverk.gmbh\/?page_id=132#primaryimage","url":"http:\/\/nettverk.gmbh\/wp-content\/uploads\/2021\/04\/49680-Huttary-plus_2-851x1024.jpg","contentUrl":"http:\/\/nettverk.gmbh\/wp-content\/uploads\/2021\/04\/49680-Huttary-plus_2-851x1024.jpg"},{"@type":"BreadcrumbList","@id":"https:\/\/nettverk.gmbh\/?page_id=132#breadcrumb","itemListElement":[{"@type":"ListItem","position":1,"name":"Startseite","item":"https:\/\/nettverk.gmbh\/"},{"@type":"ListItem","position":2,"name":"Individual"}]},{"@type":"WebSite","@id":"https:\/\/nettverk.gmbh\/#website","url":"https:\/\/nettverk.gmbh\/","name":"Nettverk GmbH","description":"Ihr Netzwerk Dienstleister","publisher":{"@id":"https:\/\/nettverk.gmbh\/#organization"},"potentialAction":[{"@type":"SearchAction","target":{"@type":"EntryPoint","urlTemplate":"https:\/\/nettverk.gmbh\/?s={search_term_string}"},"query-input":{"@type":"PropertyValueSpecification","valueRequired":true,"valueName":"search_term_string"}}],"inLanguage":"de"},{"@type":"Organization","@id":"https:\/\/nettverk.gmbh\/#organization","name":"Nettverk GmbH","url":"https:\/\/nettverk.gmbh\/","logo":{"@type":"ImageObject","inLanguage":"de","@id":"https:\/\/nettverk.gmbh\/#\/schema\/logo\/image\/","url":"https:\/\/nettverk.gmbh\/wp-content\/uploads\/2021\/04\/cropped-cropped-logo-fin1.jpg","contentUrl":"https:\/\/nettverk.gmbh\/wp-content\/uploads\/2021\/04\/cropped-cropped-logo-fin1.jpg","width":1300,"height":284,"caption":"Nettverk GmbH"},"image":{"@id":"https:\/\/nettverk.gmbh\/#\/schema\/logo\/image\/"},"sameAs":["https:\/\/www.linkedin.com\/in\/daniel-huttary-a280a348\/"]}]}},"_links":{"self":[{"href":"https:\/\/nettverk.gmbh\/index.php?rest_route=\/wp\/v2\/pages\/132","targetHints":{"allow":["GET"]}}],"collection":[{"href":"https:\/\/nettverk.gmbh\/index.php?rest_route=\/wp\/v2\/pages"}],"about":[{"href":"https:\/\/nettverk.gmbh\/index.php?rest_route=\/wp\/v2\/types\/page"}],"author":[{"embeddable":true,"href":"https:\/\/nettverk.gmbh\/index.php?rest_route=\/wp\/v2\/users\/1"}],"replies":[{"embeddable":true,"href":"https:\/\/nettverk.gmbh\/index.php?rest_route=%2Fwp%2Fv2%2Fcomments&post=132"}],"version-history":[{"count":8,"href":"https:\/\/nettverk.gmbh\/index.php?rest_route=\/wp\/v2\/pages\/132\/revisions"}],"predecessor-version":[{"id":164,"href":"https:\/\/nettverk.gmbh\/index.php?rest_route=\/wp\/v2\/pages\/132\/revisions\/164"}],"wp:attachment":[{"href":"https:\/\/nettverk.gmbh\/index.php?rest_route=%2Fwp%2Fv2%2Fmedia&parent=132"}],"curies":[{"name":"wp","href":"https:\/\/api.w.org\/{rel}","templated":true}]}}